{"id":229,"date":"2020-07-27T16:08:16","date_gmt":"2020-07-27T16:08:16","guid":{"rendered":"https:\/\/karyem.com.tr\/?page_id=2"},"modified":"2025-03-23T18:22:05","modified_gmt":"2025-03-23T18:22:05","slug":"sample-page-2","status":"publish","type":"page","link":"https:\/\/karyem.com.tr\/index.php\/sample-page-2\/","title":{"rendered":"Kurumsal"},"content":{"rendered":"<p><strong><\/strong><\/p>\r\n<p><a href=\"https:\/\/karyem.com.tr\/pdf\/guncelsozlesme.pdf\" target=\"_blank\" rel=\"noopener noreferrer\"><strong>KARYEM ANA S\u00d6ZLE\u015eME<\/strong><\/a><\/p>\r\n<p><strong><a href=\"https:\/\/karyem.com.tr\/pdf\/ticaret.pdf\" target=\"_blank\" rel=\"noopener noreferrer\">KARYEM KARAPINAR YEM SANAY\u0130 VE T\u0130CARET ANON\u0130M \u015e\u0130RKET\u0130 T\u0130CARET S\u0130C\u0130L B\u0130LG\u0130LER\u0130<\/a><\/strong><\/p>\r\n<p><strong><a href=\"https:\/\/karyem.com.tr\/pdf\/2007-cagri.pdf\" target=\"_blank\" rel=\"noopener noreferrer\">2007 YILI GENEL KURUL TOPLANTISI<\/a><\/strong><\/p>\r\n<p><strong><a href=\"https:\/\/karyem.com.tr\/pdf\/2007faaliyet.pdf\" target=\"_blank\" rel=\"noopener noreferrer\">2007 FAAL\u0130YET RAPORU<\/a><\/strong><\/p>\r\n<p><strong><a href=\"https:\/\/karyem.com.tr\/pdf\/sonuc2007.pdf\" target=\"_blank\" rel=\"noopener noreferrer\">2007 SONU\u00c7<\/a><\/strong><\/p>\r\n<p><a href=\"https:\/\/karyem.com.tr\/pdf\/2007.pdf\" target=\"_blank\" rel=\"noopener noreferrer\"><strong>2007 AYRINTILI B\u0130LAN\u00c7O<\/strong><\/a><\/p>\r\n<p><strong><a href=\"https:\/\/karyem.com.tr\/pdf\/ca2008.pdf\" target=\"_blank\" rel=\"noopener noreferrer\">2008 YILI GENEL KURUL TOPLANTISI<\/a><\/strong><\/p>\r\n<p><a href=\"https:\/\/karyem.com.tr\/pdf\/20081dongel.pdf\" target=\"_blank\" rel=\"noopener noreferrer\"><strong>2008 YILI GEL\u0130R TABLOSU<\/strong><\/a><\/p>\r\n<p><strong><a href=\"https:\/\/karyem.com.tr\/pdf\/sonuc2008.pdf\" target=\"_blank\" rel=\"noopener noreferrer\">2008 SONU\u00c7<\/a><\/strong><\/p>\r\n<p><a href=\"https:\/\/karyem.com.tr\/pdf\/2008.pdf\" target=\"_blank\" rel=\"noopener noreferrer\"><strong>2008 AYRINTILI B\u0130LAN\u00c7O<\/strong><\/a><\/p>\r\n<p><a href=\"https:\/\/karyem.com.tr\/pdf\/dipnot_2009.pdf\" target=\"_blank\" rel=\"noopener noreferrer\"><strong>2009 DIPNOT<\/strong><\/a><\/p>\r\n<p><a href=\"https:\/\/karyem.com.tr\/pdf\/gelir2009.pdf\" target=\"_blank\" rel=\"noopener noreferrer\"><strong>2009 GEL\u0130R B\u0130LAN\u00c7OSU<\/strong><\/a><\/p>\r\n<p><a href=\"https:\/\/karyem.com.tr\/pdf\/ca2008.pdf\" target=\"_blank\" rel=\"noopener noreferrer\"><strong>2009 YILI GENEL KURUL TOPLANTISI<\/strong><\/a><\/p>\r\n<p><a href=\"https:\/\/karyem.com.tr\/pdf\/2009B.pdf\" target=\"_blank\" rel=\"noopener noreferrer\"><strong>2009 YILI \u00d6ZET B\u0130LAN\u00c7O<\/strong><\/a><\/p>\r\n<p><a href=\"https:\/\/karyem.com.tr\/pdf\/tasarruf.pdf\" target=\"_blank\" rel=\"noopener noreferrer\"><strong>TASARRUF SAH\u0130PLER\u0130 \u0130\u00c7\u0130N S\u0130RK\u00dcLER<\/strong><\/a><\/p>\r\n<p><a href=\"https:\/\/karyem.com.tr\/pdf\/denetim2010.pdf\" target=\"_blank\" rel=\"noopener noreferrer\"><strong>2010 BA\u011eIMSIZ DENET\u0130M\u00a0<\/strong><\/a><\/p>\r\n<p><strong><a href=\"https:\/\/karyem.com.tr\/pdf\/ozeldurum.pdf\" target=\"_blank\" rel=\"noopener noreferrer\">OZEL DURUM<\/a><\/strong><\/p>\r\n<p><a href=\"https:\/\/karyem.com.tr\/pdf\/denetim.pdf\" target=\"_blank\" rel=\"noopener noreferrer\"><strong>2011 BA\u011eIMSIZ DENET\u0130M RAPORU<\/strong><\/a><\/p>\r\n<p><a href=\"https:\/\/karyem.com.tr\/pdf\/2012bagimsiz.pdf\" target=\"_blank\" rel=\"noopener noreferrer\"><strong>2012 BA\u011eIMSIZ DENET\u0130M RAPORU<\/strong><\/a><\/p>\r\n<p><a href=\"https:\/\/karyem.com.tr\/pdf\/2012denetimkurulu.pdf\" target=\"_blank\" rel=\"noopener noreferrer\"><strong>2012 DENET\u0130M KURULU<\/strong><\/a><\/p>\r\n<p><strong>K<\/strong><a href=\"https:\/\/karyem.com.tr\/pdf\/ESASUSULLER.pdf\" target=\"_blank\" rel=\"noopener noreferrer\"><strong>ARYEM KARAPINAR YEM SANAY\u0130 VE T\u0130CARET ANON\u0130M \u015e\u0130RKET\u0130 GENEL KURULUNUN<\/strong><\/a><br \/><a href=\"https:\/\/karyem.com.tr\/pdf\/ESASUSULLER.pdf\" target=\"_blank\" rel=\"noopener noreferrer\"><strong>\u00c7ALI\u015eMA ESAS VE USULLER\u0130 HAKKINDA \u0130\u00c7 Y\u00d6NERGE<\/strong><\/a><\/p>\r\n<p><strong><a href=\"https:\/\/karyem.com.tr\/pdf\/2012Genelkurul.pdf\" target=\"_blank\" rel=\"noopener noreferrer\">2012 YILI GENEL KURUL TOPLANTISI<\/a><\/strong><\/p>\r\n<p><strong><a href=\"https:\/\/karyem.com.tr\/pdf\/vekalet.pdf\" target=\"_blank\" rel=\"noopener noreferrer\">VEKALETNAME<\/a><\/strong><\/p>\r\n<p><strong><a href=\"https:\/\/karyem.com.tr\/pdf\/2013Genelkurul.pdf\" target=\"_blank\" rel=\"noopener noreferrer\">2013 YILI GENEL KURUL TOPLANTISI<\/a><\/strong><\/p>\r\n<p><a href=\"https:\/\/karyem.com.tr\/pdf\/2013BDR.pdf\" target=\"_blank\" rel=\"noopener noreferrer\"><strong>2013 BA\u011eIMSIZ DENET\u0130M RAPORU<\/strong><\/a><\/p>\r\n<p><strong><a href=\"https:\/\/karyem.com.tr\/pdf\/2014Genelkurul.pdf\" target=\"_blank\" rel=\"noopener noreferrer\">2014 YILI GENEL KURUL TOPLANTISI<\/a><\/strong><\/p>\r\n<p><a href=\"https:\/\/karyem.com.tr\/pdf\/2013GenKurTut.pdf\" target=\"_blank\" rel=\"noopener noreferrer\"><strong>2014 GENEL KURUL TUTANA\u011eI<\/strong><\/a><\/p>\r\n<p><strong><a href=\"https:\/\/karyem.com.tr\/pdf\/2015Genelkurul.pdf\" target=\"_blank\" rel=\"noopener noreferrer\">2015 YILI GENEL KURUL TOPLANTISI<\/a><\/strong><\/p>\r\n<p><strong><a href=\"https:\/\/karyem.com.tr\/pdf\/2016Genelkurul.pdf\" target=\"_blank\" rel=\"noopener noreferrer\">2016 YILI GENEL KURUL TOPLANTISI<\/a><\/strong><\/p>\r\n<p><strong><a href=\"https:\/\/karyem.com.tr\/pdf\/2017Genelkurul.pdf\" target=\"_blank\" rel=\"noopener noreferrer\">2017 YILI GENEL KURUL TOPLANTISI<\/a><\/strong><\/p>\r\n<p><strong><a href=\"https:\/\/karyem.com.tr\/pdf\/2018Genelkurul.pdf\" target=\"_blank\" rel=\"noopener noreferrer\">2018 YILI GENEL KURUL TOPLANTISI<\/a><\/strong><\/p>\r\n<p><strong><a href=\"https:\/\/karyem.com.tr\/pdf\/2019Genelkurul.pdf\" target=\"_blank\" rel=\"noopener noreferrer\">2019 YILI GENEL KURUL TOPLANTISI<\/a><\/strong><\/p>\r\n<p><strong><a href=\"http:\/\/karyem.com.tr\/pdf\/2020GENELKURUL.doc\" target=\"_blank\" rel=\"noopener noreferrer\">2020 YILI GENEL KURUL G\u00dcNDEM\u0130<\/a><\/strong><\/p>\r\n<p><a href=\"http:\/\/karyem.com.tr\/pdf\/2021GenelKurul.doc\"><strong>2021 YILI GENEL KURUL GUNDEMI<\/strong><\/a><\/p>\r\n<p><a href=\"https:\/\/karyem.com.tr\/pdf\/2022-genel-kurul.pdf\">2022 YILI GENEL KURUL GUNDEMI<\/a><\/p>\r\n<p><a href=\"https:\/\/karyem.com.tr\/pdf\/2023-genel-kurul.pdf\">2023 YILI GENEL KURUL GUNDEMI<\/a><\/p>\r\n<p><strong><\/strong><\/p>","protected":false},"excerpt":{"rendered":"<p>KARYEM ANA S\u00d6ZLE\u015eME KARYEM KARAPINAR YEM SANAY\u0130 VE T\u0130CARET ANON\u0130M \u015e\u0130RKET\u0130 T\u0130CARET S\u0130C\u0130L B\u0130LG\u0130LER\u0130 2007 YILI GENEL KURUL TOPLANTISI 2007 FAAL\u0130YET RAPORU 2007 SONU\u00c7 2007 AYRINTILI B\u0130LAN\u00c7O 2008 YILI GENEL&hellip;<\/p>\n","protected":false},"author":1,"featured_media":0,"parent":0,"menu_order":0,"comment_status":"closed","ping_status":"open","template":"","meta":{"footnotes":""},"class_list":["post-229","page","type-page","status-publish","hentry"],"yoast_head":"<!-- This site is optimized with the Yoast SEO plugin v26.8 - https:\/\/yoast.com\/product\/yoast-seo-wordpress\/ -->\n<title>Kurumsal<\/title>\n<meta name=\"description\" content=\"Kurumsal 2019 YILI GENEL KURUL TOPLANTISI2020 YILI GENEL KURUL G\u00dcNDEM\u01302021 YILI GENEL KURUL GUNDEMI2022 YILI GENEL KURUL GUNDEMI\" \/>\n<meta name=\"robots\" content=\"index, follow, max-snippet:-1, max-image-preview:large, max-video-preview:-1\" \/>\n<link rel=\"canonical\" href=\"https:\/\/karyem.com.tr\/index.php\/sample-page-2\/\" \/>\n<meta property=\"og:locale\" content=\"tr_TR\" \/>\n<meta property=\"og:type\" content=\"article\" \/>\n<meta property=\"og:title\" content=\"Kurumsal\" \/>\n<meta property=\"og:description\" content=\"Kurumsal 2019 YILI GENEL KURUL TOPLANTISI2020 YILI GENEL KURUL G\u00dcNDEM\u01302021 YILI GENEL KURUL GUNDEMI2022 YILI GENEL KURUL GUNDEMI\" \/>\n<meta property=\"og:url\" content=\"https:\/\/karyem.com.tr\/index.php\/sample-page-2\/\" \/>\n<meta property=\"og:site_name\" content=\"Karyem\" \/>\n<meta property=\"article:modified_time\" content=\"2025-03-23T18:22:05+00:00\" \/>\n<meta name=\"twitter:card\" content=\"summary_large_image\" \/>\n<meta name=\"twitter:label1\" content=\"Tahmini okuma s\u00fcresi\" \/>\n\t<meta name=\"twitter:data1\" content=\"1 dakika\" \/>\n<script type=\"application\/ld+json\" class=\"yoast-schema-graph\">{\"@context\":\"https:\/\/schema.org\",\"@graph\":[{\"@type\":\"WebPage\",\"@id\":\"https:\/\/karyem.com.tr\/index.php\/sample-page-2\/\",\"url\":\"https:\/\/karyem.com.tr\/index.php\/sample-page-2\/\",\"name\":\"Kurumsal\",\"isPartOf\":{\"@id\":\"https:\/\/karyem.com.tr\/#website\"},\"datePublished\":\"2020-07-27T16:08:16+00:00\",\"dateModified\":\"2025-03-23T18:22:05+00:00\",\"description\":\"Kurumsal 2019 YILI GENEL KURUL TOPLANTISI2020 YILI GENEL KURUL G\u00dcNDEM\u01302021 YILI GENEL KURUL GUNDEMI2022 YILI GENEL KURUL GUNDEMI\",\"breadcrumb\":{\"@id\":\"https:\/\/karyem.com.tr\/index.php\/sample-page-2\/#breadcrumb\"},\"inLanguage\":\"tr\",\"potentialAction\":[{\"@type\":\"ReadAction\",\"target\":[\"https:\/\/karyem.com.tr\/index.php\/sample-page-2\/\"]}]},{\"@type\":\"BreadcrumbList\",\"@id\":\"https:\/\/karyem.com.tr\/index.php\/sample-page-2\/#breadcrumb\",\"itemListElement\":[{\"@type\":\"ListItem\",\"position\":1,\"name\":\"Anasayfa\",\"item\":\"https:\/\/karyem.com.tr\/\"},{\"@type\":\"ListItem\",\"position\":2,\"name\":\"Kurumsal\"}]},{\"@type\":\"WebSite\",\"@id\":\"https:\/\/karyem.com.tr\/#website\",\"url\":\"https:\/\/karyem.com.tr\/\",\"name\":\"Karyem\",\"description\":\"Karyem\",\"publisher\":{\"@id\":\"https:\/\/karyem.com.tr\/#organization\"},\"potentialAction\":[{\"@type\":\"SearchAction\",\"target\":{\"@type\":\"EntryPoint\",\"urlTemplate\":\"https:\/\/karyem.com.tr\/?s={search_term_string}\"},\"query-input\":{\"@type\":\"PropertyValueSpecification\",\"valueRequired\":true,\"valueName\":\"search_term_string\"}}],\"inLanguage\":\"tr\"},{\"@type\":\"Organization\",\"@id\":\"https:\/\/karyem.com.tr\/#organization\",\"name\":\"Karyem\",\"url\":\"https:\/\/karyem.com.tr\/\",\"logo\":{\"@type\":\"ImageObject\",\"inLanguage\":\"tr\",\"@id\":\"https:\/\/karyem.com.tr\/#\/schema\/logo\/image\/\",\"url\":\"https:\/\/karyem.com.tr\/wp-content\/uploads\/2025\/02\/cropped-ust.jpg\",\"contentUrl\":\"https:\/\/karyem.com.tr\/wp-content\/uploads\/2025\/02\/cropped-ust.jpg\",\"width\":531,\"height\":100,\"caption\":\"Karyem\"},\"image\":{\"@id\":\"https:\/\/karyem.com.tr\/#\/schema\/logo\/image\/\"}}]}<\/script>\n<!-- \/ Yoast SEO plugin. -->","yoast_head_json":{"title":"Kurumsal","description":"Kurumsal 2019 YILI GENEL KURUL TOPLANTISI2020 YILI GENEL KURUL G\u00dcNDEM\u01302021 YILI GENEL KURUL GUNDEMI2022 YILI GENEL KURUL GUNDEMI","robots":{"index":"index","follow":"follow","max-snippet":"max-snippet:-1","max-image-preview":"max-image-preview:large","max-video-preview":"max-video-preview:-1"},"canonical":"https:\/\/karyem.com.tr\/index.php\/sample-page-2\/","og_locale":"tr_TR","og_type":"article","og_title":"Kurumsal","og_description":"Kurumsal 2019 YILI GENEL KURUL TOPLANTISI2020 YILI GENEL KURUL G\u00dcNDEM\u01302021 YILI GENEL KURUL GUNDEMI2022 YILI GENEL KURUL GUNDEMI","og_url":"https:\/\/karyem.com.tr\/index.php\/sample-page-2\/","og_site_name":"Karyem","article_modified_time":"2025-03-23T18:22:05+00:00","twitter_card":"summary_large_image","twitter_misc":{"Tahmini okuma s\u00fcresi":"1 dakika"},"schema":{"@context":"https:\/\/schema.org","@graph":[{"@type":"WebPage","@id":"https:\/\/karyem.com.tr\/index.php\/sample-page-2\/","url":"https:\/\/karyem.com.tr\/index.php\/sample-page-2\/","name":"Kurumsal","isPartOf":{"@id":"https:\/\/karyem.com.tr\/#website"},"datePublished":"2020-07-27T16:08:16+00:00","dateModified":"2025-03-23T18:22:05+00:00","description":"Kurumsal 2019 YILI GENEL KURUL TOPLANTISI2020 YILI GENEL KURUL G\u00dcNDEM\u01302021 YILI GENEL KURUL GUNDEMI2022 YILI GENEL KURUL GUNDEMI","breadcrumb":{"@id":"https:\/\/karyem.com.tr\/index.php\/sample-page-2\/#breadcrumb"},"inLanguage":"tr","potentialAction":[{"@type":"ReadAction","target":["https:\/\/karyem.com.tr\/index.php\/sample-page-2\/"]}]},{"@type":"BreadcrumbList","@id":"https:\/\/karyem.com.tr\/index.php\/sample-page-2\/#breadcrumb","itemListElement":[{"@type":"ListItem","position":1,"name":"Anasayfa","item":"https:\/\/karyem.com.tr\/"},{"@type":"ListItem","position":2,"name":"Kurumsal"}]},{"@type":"WebSite","@id":"https:\/\/karyem.com.tr\/#website","url":"https:\/\/karyem.com.tr\/","name":"Karyem","description":"Karyem","publisher":{"@id":"https:\/\/karyem.com.tr\/#organization"},"potentialAction":[{"@type":"SearchAction","target":{"@type":"EntryPoint","urlTemplate":"https:\/\/karyem.com.tr\/?s={search_term_string}"},"query-input":{"@type":"PropertyValueSpecification","valueRequired":true,"valueName":"search_term_string"}}],"inLanguage":"tr"},{"@type":"Organization","@id":"https:\/\/karyem.com.tr\/#organization","name":"Karyem","url":"https:\/\/karyem.com.tr\/","logo":{"@type":"ImageObject","inLanguage":"tr","@id":"https:\/\/karyem.com.tr\/#\/schema\/logo\/image\/","url":"https:\/\/karyem.com.tr\/wp-content\/uploads\/2025\/02\/cropped-ust.jpg","contentUrl":"https:\/\/karyem.com.tr\/wp-content\/uploads\/2025\/02\/cropped-ust.jpg","width":531,"height":100,"caption":"Karyem"},"image":{"@id":"https:\/\/karyem.com.tr\/#\/schema\/logo\/image\/"}}]}},"jetpack_sharing_enabled":true,"_links":{"self":[{"href":"https:\/\/karyem.com.tr\/index.php\/wp-json\/wp\/v2\/pages\/229","targetHints":{"allow":["GET"]}}],"collection":[{"href":"https:\/\/karyem.com.tr\/index.php\/wp-json\/wp\/v2\/pages"}],"about":[{"href":"https:\/\/karyem.com.tr\/index.php\/wp-json\/wp\/v2\/types\/page"}],"author":[{"embeddable":true,"href":"https:\/\/karyem.com.tr\/index.php\/wp-json\/wp\/v2\/users\/1"}],"replies":[{"embeddable":true,"href":"https:\/\/karyem.com.tr\/index.php\/wp-json\/wp\/v2\/comments?post=229"}],"version-history":[{"count":1,"href":"https:\/\/karyem.com.tr\/index.php\/wp-json\/wp\/v2\/pages\/229\/revisions"}],"predecessor-version":[{"id":1851,"href":"https:\/\/karyem.com.tr\/index.php\/wp-json\/wp\/v2\/pages\/229\/revisions\/1851"}],"wp:attachment":[{"href":"https:\/\/karyem.com.tr\/index.php\/wp-json\/wp\/v2\/media?parent=229"}],"curies":[{"name":"wp","href":"https:\/\/api.w.org\/{rel}","templated":true}]}}